{"id":140,"date":"2025-08-31T16:31:02","date_gmt":"2025-08-31T16:31:02","guid":{"rendered":"https:\/\/www.riadspahiu19.com\/?page_id=140"},"modified":"2025-09-25T17:50:03","modified_gmt":"2025-09-25T17:50:03","slug":"njoftim","status":"publish","type":"page","link":"https:\/\/www.riadspahiu19.com\/?page_id=140","title":{"rendered":"M\u00eb shum\u00eb rreth meje!"},"content":{"rendered":"\n<div class=\"wp-block-group is-layout-constrained wp-container-core-group-is-layout-ff778368 wp-block-group-is-layout-constrained\" style=\"border-left-color:#eb1c24;border-left-width:5px;padding-right:var(--wp--preset--spacing--30);padding-left:var(--wp--preset--spacing--30)\"><style>.wp-block-kadence-advancedheading.kt-adv-heading140_085bf8-bd, .wp-block-kadence-advancedheading.kt-adv-heading140_085bf8-bd[data-kb-block=\"kb-adv-heading140_085bf8-bd\"]{line-height:1.2;font-style:normal;}.wp-block-kadence-advancedheading.kt-adv-heading140_085bf8-bd mark.kt-highlight, .wp-block-kadence-advancedheading.kt-adv-heading140_085bf8-bd[data-kb-block=\"kb-adv-heading140_085bf8-bd\"] mark.kt-highlight{font-style:normal;color:#f76a0c;-webkit-box-decoration-break:clone;box-decoration-break:clone;padding-top:0px;padding-right:0px;padding-bottom:0px;padding-left:0px;}<\/style>\n<p class=\"kt-adv-heading140_085bf8-bd wp-block-kadence-advancedheading\" data-kb-block=\"kb-adv-heading140_085bf8-bd\">Qysh n\u00eb bankat e shkoll\u00ebs, Riad Spahiu \u00ebsht\u00eb dalluar si nx\u00ebn\u00ebs i shk\u00eblqyer, duke z\u00ebn\u00eb vende t\u00eb para n\u00eb gara komunale e republikane. Ky sukses i hersh\u00ebm u shnd\u00ebrrua n\u00eb baz\u00eb t\u00eb fort\u00eb p\u00ebr angazhimin e tij n\u00eb jet\u00ebn publike dhe shoq\u00ebrore. <br><br>Fillimisht ai u zgjodh kryetar i K\u00ebshillit t\u00eb Nx\u00ebn\u00ebsve n\u00eb shkoll\u00eb, nd\u00ebrsa m\u00eb pas, p\u00ebrmes vot\u00ebs, u p\u00ebrzgjodh p\u00ebrfaq\u00ebsues i t\u00eb gjith\u00eb nx\u00ebn\u00ebsve t\u00eb Ka\u00e7anikut n\u00eb K\u00ebshillin Rinor t\u00eb Kosov\u00ebs me seli n\u00eb Prishtin\u00eb. N\u00eb k\u00ebt\u00eb rol, solli n\u00eb qytetin e tij trajnime dhe organizime t\u00eb ndryshme q\u00eb hap\u00ebn horizonte t\u00eb reja p\u00ebr t\u00eb rinjt\u00eb. P\u00ebrmes tyre, shum\u00eb nx\u00ebn\u00ebs fituan aft\u00ebsi t\u00eb reja, p\u00ebrvoja praktike dhe rrjete bashk\u00ebpunimi, duke dep\u00ebrtuar sot me sukses n\u00eb tregun e Prishtin\u00ebs \u2013 nj\u00eb d\u00ebshmi se investimi tek rinia jep gjithmon\u00eb fryte. <br><br>Riad Spahiu ka p\u00ebrfaq\u00ebsuar Ka\u00e7anikun edhe n\u00eb sken\u00ebn nd\u00ebrkomb\u00ebtare, duke marr\u00eb pjes\u00eb n\u00eb konferenca p\u00ebr integrimin e rinis\u00eb ballkanike n\u00eb Evrop\u00eb, p\u00ebrfshir\u00eb konferenc\u00ebn Youth Alliance. Aktivizmi i tij ka qen\u00eb i pandalsh\u00ebm q\u00eb n\u00eb mosh\u00eb t\u00eb hershme, p\u00ebrmes KVRL-s\u00eb dhe organizatave t\u00eb ndryshme t\u00eb shoq\u00ebris\u00eb civile. <br><br>Ai \u00ebsht\u00eb angazhuar n\u00eb nisma t\u00eb vet\u00ebdijesimit p\u00ebr t\u00eb drejtat e t\u00eb rinjve, mbrojtjen e ambientit, luftimin e dukurive t\u00eb k\u00ebqija dhe p\u00ebrfshirjen e personave me nevoja t\u00eb ve\u00e7anta. Po ashtu, ka marr\u00eb pjes\u00eb n\u00eb organizime t\u00eb artit dhe kultur\u00ebs, si \u201cArtShift\u201d dhe ngjarje t\u00eb tjera q\u00eb promovojn\u00eb krijimtarin\u00eb dhe talentin e t\u00eb rinjve.<br><br>Nj\u00eb tjet\u00ebr d\u00ebshmi e lidhjes s\u00eb tij me qytetar\u00ebt \u00ebsht\u00eb themelimi i portalit lokal \u201cGazeta Ka\u00e7aniku\u201d, q\u00eb prej 5 vitesh sh\u00ebrben si platform\u00eb p\u00ebr promovimin e qytetit dhe si z\u00eb i hapur i banor\u00ebve p\u00ebr t\u00eb shprehur shqet\u00ebsimet, idet\u00eb dhe sugjerimet e tyre. Ky kontakt i drejtp\u00ebrdrejt\u00eb me qytetar\u00ebt i ka dh\u00ebn\u00eb atij njohjen m\u00eb t\u00eb mir\u00eb p\u00ebr problemet dhe nevojat e tyre t\u00eb p\u00ebrditshme. <br><br>Sot, Riad Spahiu punon si freelancer n\u00eb bot\u00ebn e teknologjis\u00eb \u2013 departament n\u00eb t\u00eb cilin ka vijuar edhe studimet \u2013 duke ofruar sh\u00ebrbime kreative digjitale, marketing dhe zhvillim uebfaqesh. Nj\u00ebkoh\u00ebsisht, ai udh\u00ebheq edhe media t\u00eb natyr\u00ebs politike, nga ku ka fituar njohuri t\u00eb m\u00ebdha rreth zhvillimeve politike n\u00eb Kosov\u00eb. Tashm\u00eb, ai ka marr\u00eb vendimin q\u00eb k\u00ebt\u00eb p\u00ebrvoj\u00eb dhe angazhim t\u2019ia kthej\u00eb drejtp\u00ebrdrejt qytetit t\u00eb tij \u2013 p\u00ebrmes p\u00ebrfaq\u00ebsimit n\u00eb Kuvendin Komunal t\u00eb Ka\u00e7anikut. <br><br>\u2726 Prandaj, sot ai ka nevoj\u00eb p\u00ebr p\u00ebrkrahjen tuaj me vot\u00eb. <br><br>Voto Riad Spahiu \u2013 19<\/p>\n\n\n\n<ol class=\"wp-block-list\">\n<li><\/li>\n<\/ol>\n<\/div>\n","protected":false},"excerpt":{"rendered":"<p>Qysh n\u00eb bankat e shkoll\u00ebs, Riad Spahiu \u00ebsht\u00eb dalluar si nx\u00ebn\u00ebs i shk\u00eblqyer, duke z\u00ebn\u00eb vende t\u00eb para n\u00eb gara komunale e republikane. Ky sukses i hersh\u00ebm u shnd\u00ebrrua n\u00eb baz\u00eb t\u00eb fort\u00eb p\u00ebr angazhimin e tij n\u00eb jet\u00ebn publike dhe shoq\u00ebrore. Fillimisht ai u zgjodh kryetar i K\u00ebshillit t\u00eb Nx\u00ebn\u00ebsve n\u00eb shkoll\u00eb, nd\u00ebrsa m\u00eb [&hellip;]<\/p>\n","protected":false},"author":1,"featured_media":0,"parent":0,"menu_order":0,"comment_status":"closed","ping_status":"closed","template":"","meta":{"footnotes":""},"class_list":["post-140","page","type-page","status-publish","hentry"],"blocksy_meta":[],"yoast_head":"<!-- This site is optimized with the Yoast SEO plugin v25.7 - https:\/\/yoast.com\/wordpress\/plugins\/seo\/ -->\n<title>M\u00eb shum\u00eb rreth meje! - Voto Riad Spahiu 19 - LVV<\/title>\n<meta name=\"robots\" content=\"index, follow, max-snippet:-1, max-image-preview:large, max-video-preview:-1\" \/>\n<link rel=\"canonical\" href=\"https:\/\/www.riadspahiu19.com\/?page_id=140\" \/>\n<meta property=\"og:locale\" content=\"en_US\" \/>\n<meta property=\"og:type\" content=\"article\" \/>\n<meta property=\"og:title\" content=\"M\u00eb shum\u00eb rreth meje! - Voto Riad Spahiu 19 - LVV\" \/>\n<meta property=\"og:description\" content=\"Qysh n\u00eb bankat e shkoll\u00ebs, Riad Spahiu \u00ebsht\u00eb dalluar si nx\u00ebn\u00ebs i shk\u00eblqyer, duke z\u00ebn\u00eb vende t\u00eb para n\u00eb gara komunale e republikane. Ky sukses i hersh\u00ebm u shnd\u00ebrrua n\u00eb baz\u00eb t\u00eb fort\u00eb p\u00ebr angazhimin e tij n\u00eb jet\u00ebn publike dhe shoq\u00ebrore. Fillimisht ai u zgjodh kryetar i K\u00ebshillit t\u00eb Nx\u00ebn\u00ebsve n\u00eb shkoll\u00eb, nd\u00ebrsa m\u00eb [&hellip;]\" \/>\n<meta property=\"og:url\" content=\"https:\/\/www.riadspahiu19.com\/?page_id=140\" \/>\n<meta property=\"og:site_name\" content=\"Voto Riad Spahiu 19 - LVV\" \/>\n<meta property=\"article:publisher\" content=\"https:\/\/www.facebook.com\/profile.php?id=61579891426845\" \/>\n<meta property=\"article:modified_time\" content=\"2025-09-25T17:50:03+00:00\" \/>\n<meta property=\"og:image\" content=\"https:\/\/www.riadspahiu19.com\/wp-content\/uploads\/2025\/09\/cover-1.png\" \/>\n\t<meta property=\"og:image:width\" content=\"1201\" \/>\n\t<meta property=\"og:image:height\" content=\"676\" \/>\n\t<meta property=\"og:image:type\" content=\"image\/png\" \/>\n<meta name=\"twitter:card\" content=\"summary_large_image\" \/>\n<meta name=\"twitter:label1\" content=\"Est. reading time\" \/>\n\t<meta name=\"twitter:data1\" content=\"2 minutes\" \/>\n<script type=\"application\/ld+json\" class=\"yoast-schema-graph\">{\"@context\":\"https:\/\/schema.org\",\"@graph\":[{\"@type\":\"WebPage\",\"@id\":\"https:\/\/www.riadspahiu19.com\/?page_id=140\",\"url\":\"https:\/\/www.riadspahiu19.com\/?page_id=140\",\"name\":\"M\u00eb shum\u00eb rreth meje! - Voto Riad Spahiu 19 - LVV\",\"isPartOf\":{\"@id\":\"https:\/\/www.riadspahiu19.com\/#website\"},\"datePublished\":\"2025-08-31T16:31:02+00:00\",\"dateModified\":\"2025-09-25T17:50:03+00:00\",\"breadcrumb\":{\"@id\":\"https:\/\/www.riadspahiu19.com\/?page_id=140#breadcrumb\"},\"inLanguage\":\"en-US\",\"potentialAction\":[{\"@type\":\"ReadAction\",\"target\":[\"https:\/\/www.riadspahiu19.com\/?page_id=140\"]}]},{\"@type\":\"BreadcrumbList\",\"@id\":\"https:\/\/www.riadspahiu19.com\/?page_id=140#breadcrumb\",\"itemListElement\":[{\"@type\":\"ListItem\",\"position\":1,\"name\":\"Home\",\"item\":\"https:\/\/www.riadspahiu19.com\/\"},{\"@type\":\"ListItem\",\"position\":2,\"name\":\"M\u00eb shum\u00eb rreth meje!\"}]},{\"@type\":\"WebSite\",\"@id\":\"https:\/\/www.riadspahiu19.com\/#website\",\"url\":\"https:\/\/www.riadspahiu19.com\/\",\"name\":\"Voto Riad Spahiu 19 - LVV\",\"description\":\"\",\"publisher\":{\"@id\":\"https:\/\/www.riadspahiu19.com\/#organization\"},\"potentialAction\":[{\"@type\":\"SearchAction\",\"target\":{\"@type\":\"EntryPoint\",\"urlTemplate\":\"https:\/\/www.riadspahiu19.com\/?s={search_term_string}\"},\"query-input\":{\"@type\":\"PropertyValueSpecification\",\"valueRequired\":true,\"valueName\":\"search_term_string\"}}],\"inLanguage\":\"en-US\"},{\"@type\":\"Organization\",\"@id\":\"https:\/\/www.riadspahiu19.com\/#organization\",\"name\":\"Voto Riad Spahiu 19 - LVV\",\"url\":\"https:\/\/www.riadspahiu19.com\/\",\"logo\":{\"@type\":\"ImageObject\",\"inLanguage\":\"en-US\",\"@id\":\"https:\/\/www.riadspahiu19.com\/#\/schema\/logo\/image\/\",\"url\":\"https:\/\/www.riadspahiu19.com\/wp-content\/uploads\/2025\/09\/cover-1.png\",\"contentUrl\":\"https:\/\/www.riadspahiu19.com\/wp-content\/uploads\/2025\/09\/cover-1.png\",\"width\":1201,\"height\":676,\"caption\":\"Voto Riad Spahiu 19 - LVV\"},\"image\":{\"@id\":\"https:\/\/www.riadspahiu19.com\/#\/schema\/logo\/image\/\"},\"sameAs\":[\"https:\/\/www.facebook.com\/profile.php?id=61579891426845\"]}]}<\/script>\n<!-- \/ Yoast SEO plugin. -->","yoast_head_json":{"title":"M\u00eb shum\u00eb rreth meje! - Voto Riad Spahiu 19 - LVV","robots":{"index":"index","follow":"follow","max-snippet":"max-snippet:-1","max-image-preview":"max-image-preview:large","max-video-preview":"max-video-preview:-1"},"canonical":"https:\/\/www.riadspahiu19.com\/?page_id=140","og_locale":"en_US","og_type":"article","og_title":"M\u00eb shum\u00eb rreth meje! - Voto Riad Spahiu 19 - LVV","og_description":"Qysh n\u00eb bankat e shkoll\u00ebs, Riad Spahiu \u00ebsht\u00eb dalluar si nx\u00ebn\u00ebs i shk\u00eblqyer, duke z\u00ebn\u00eb vende t\u00eb para n\u00eb gara komunale e republikane. Ky sukses i hersh\u00ebm u shnd\u00ebrrua n\u00eb baz\u00eb t\u00eb fort\u00eb p\u00ebr angazhimin e tij n\u00eb jet\u00ebn publike dhe shoq\u00ebrore. Fillimisht ai u zgjodh kryetar i K\u00ebshillit t\u00eb Nx\u00ebn\u00ebsve n\u00eb shkoll\u00eb, nd\u00ebrsa m\u00eb [&hellip;]","og_url":"https:\/\/www.riadspahiu19.com\/?page_id=140","og_site_name":"Voto Riad Spahiu 19 - LVV","article_publisher":"https:\/\/www.facebook.com\/profile.php?id=61579891426845","article_modified_time":"2025-09-25T17:50:03+00:00","og_image":[{"width":1201,"height":676,"url":"https:\/\/www.riadspahiu19.com\/wp-content\/uploads\/2025\/09\/cover-1.png","type":"image\/png"}],"twitter_card":"summary_large_image","twitter_misc":{"Est. reading time":"2 minutes"},"schema":{"@context":"https:\/\/schema.org","@graph":[{"@type":"WebPage","@id":"https:\/\/www.riadspahiu19.com\/?page_id=140","url":"https:\/\/www.riadspahiu19.com\/?page_id=140","name":"M\u00eb shum\u00eb rreth meje! - Voto Riad Spahiu 19 - LVV","isPartOf":{"@id":"https:\/\/www.riadspahiu19.com\/#website"},"datePublished":"2025-08-31T16:31:02+00:00","dateModified":"2025-09-25T17:50:03+00:00","breadcrumb":{"@id":"https:\/\/www.riadspahiu19.com\/?page_id=140#breadcrumb"},"inLanguage":"en-US","potentialAction":[{"@type":"ReadAction","target":["https:\/\/www.riadspahiu19.com\/?page_id=140"]}]},{"@type":"BreadcrumbList","@id":"https:\/\/www.riadspahiu19.com\/?page_id=140#breadcrumb","itemListElement":[{"@type":"ListItem","position":1,"name":"Home","item":"https:\/\/www.riadspahiu19.com\/"},{"@type":"ListItem","position":2,"name":"M\u00eb shum\u00eb rreth meje!"}]},{"@type":"WebSite","@id":"https:\/\/www.riadspahiu19.com\/#website","url":"https:\/\/www.riadspahiu19.com\/","name":"Voto Riad Spahiu 19 - LVV","description":"","publisher":{"@id":"https:\/\/www.riadspahiu19.com\/#organization"},"potentialAction":[{"@type":"SearchAction","target":{"@type":"EntryPoint","urlTemplate":"https:\/\/www.riadspahiu19.com\/?s={search_term_string}"},"query-input":{"@type":"PropertyValueSpecification","valueRequired":true,"valueName":"search_term_string"}}],"inLanguage":"en-US"},{"@type":"Organization","@id":"https:\/\/www.riadspahiu19.com\/#organization","name":"Voto Riad Spahiu 19 - LVV","url":"https:\/\/www.riadspahiu19.com\/","logo":{"@type":"ImageObject","inLanguage":"en-US","@id":"https:\/\/www.riadspahiu19.com\/#\/schema\/logo\/image\/","url":"https:\/\/www.riadspahiu19.com\/wp-content\/uploads\/2025\/09\/cover-1.png","contentUrl":"https:\/\/www.riadspahiu19.com\/wp-content\/uploads\/2025\/09\/cover-1.png","width":1201,"height":676,"caption":"Voto Riad Spahiu 19 - LVV"},"image":{"@id":"https:\/\/www.riadspahiu19.com\/#\/schema\/logo\/image\/"},"sameAs":["https:\/\/www.facebook.com\/profile.php?id=61579891426845"]}]}},"jetpack_sharing_enabled":true,"_links":{"self":[{"href":"https:\/\/www.riadspahiu19.com\/index.php?rest_route=\/wp\/v2\/pages\/140","targetHints":{"allow":["GET"]}}],"collection":[{"href":"https:\/\/www.riadspahiu19.com\/index.php?rest_route=\/wp\/v2\/pages"}],"about":[{"href":"https:\/\/www.riadspahiu19.com\/index.php?rest_route=\/wp\/v2\/types\/page"}],"author":[{"embeddable":true,"href":"https:\/\/www.riadspahiu19.com\/index.php?rest_route=\/wp\/v2\/users\/1"}],"replies":[{"embeddable":true,"href":"https:\/\/www.riadspahiu19.com\/index.php?rest_route=%2Fwp%2Fv2%2Fcomments&post=140"}],"version-history":[{"count":4,"href":"https:\/\/www.riadspahiu19.com\/index.php?rest_route=\/wp\/v2\/pages\/140\/revisions"}],"predecessor-version":[{"id":438,"href":"https:\/\/www.riadspahiu19.com\/index.php?rest_route=\/wp\/v2\/pages\/140\/revisions\/438"}],"wp:attachment":[{"href":"https:\/\/www.riadspahiu19.com\/index.php?rest_route=%2Fwp%2Fv2%2Fmedia&parent=140"}],"curies":[{"name":"wp","href":"https:\/\/api.w.org\/{rel}","templated":true}]}}